{"id":5,"date":"2022-01-08T11:52:24","date_gmt":"2022-01-08T11:52:24","guid":{"rendered":"https:\/\/publicity.com.es\/?page_id=5"},"modified":"2024-01-24T11:32:28","modified_gmt":"2024-01-24T10:32:28","slug":"home-page","status":"publish","type":"page","link":"https:\/\/pamparural.com\/","title":{"rendered":"Inicio"},"content":{"rendered":"\t\t<div data-elementor-type=\"wp-page\" data-elementor-id=\"5\" class=\"elementor elementor-5\">\n\t\t\t\t\t\t<section class=\"elementor-section elementor-top-section elementor-element elementor-element-4bde79c6 elementor-section-boxed elementor-section-height-default elementor-section-height-default\" data-id=\"4bde79c6\" data-element_type=\"section\">\n\t\t\t\t\t\t<div class=\"elementor-container elementor-column-gap-default\">\n\t\t\t\t\t<div class=\"elementor-column elementor-col-100 elementor-top-column elementor-element elementor-element-30f08662\" data-id=\"30f08662\" data-element_type=\"column\">\n\t\t\t<div class=\"elementor-widget-wrap elementor-element-populated\">\n\t\t\t\t\t\t<div class=\"elementor-element elementor-element-42b72f42 elementor-widget elementor-widget-text-editor\" data-id=\"42b72f42\" data-element_type=\"widget\" data-widget_type=\"text-editor.default\">\n\t\t\t\t<div class=\"elementor-widget-container\">\n\t\t\t\t\t\t\t\t\t\n<div class=\"wp-block-group\"><div class=\"wp-block-group__inner-container is-layout-flow wp-block-group-is-layout-flow\"><hr class=\"wp-block-separator has-css-opacity\" \/>Nuestras viviendas Rurales se encuentran ubicadas en La Alpujarra granadina. Una de ellas en El Barranco del Poqueira en la zona alta de la localidad de <strong>Pampaneira<\/strong> y la segunda en la localidad de Orgiva a 4 minutos andando del centro del pueblo con parking y piscina privada. La belleza natural del paisaje, la gastonom\u00eda de la zona, las artesan\u00edas, los telares de alfombras (Jarapas) hacen de este entorno un lugar privilegiado para el descanso y la desconexi\u00f3n de las rutinas diarias. Las casas est\u00e1n equipadas con todo el confort necesario para que te despreocupes completamente durante tu estancia.\n<p>\u00a0<\/p>\n\n<p>\u00a0<\/p>\n\n<div class=\"alignnormal\"><div id=\"metaslider-id-58\" style=\"max-width: 800px; margin: 0 auto;\" class=\"ml-slider-3-104-0 metaslider metaslider-flex metaslider-58 ml-slider ms-theme-simply-dark nav-hidden\" role=\"region\" aria-label=\"Main\" data-height=\"600\" data-width=\"800\">\n    <div id=\"metaslider_container_58\">\n        <div id=\"metaslider_58\">\n            <ul class='slides'>\n                <li style=\"display: block; width: 100%;\" class=\"slide-59 ms-image \" aria-roledescription=\"slide\" data-date=\"2022-01-08 16:41:56\" data-filename=\"IMG_20190718_154344.jpg\" data-slide-type=\"image\"><img fetchpriority=\"high\" decoding=\"async\" src=\"https:\/\/pamparural.com\/wp-content\/uploads\/2022\/01\/IMG_20190718_154344.jpg\" height=\"600\" width=\"800\" alt=\"\" class=\"slider-58 slide-59 msDefaultImage\" title=\"IMG_20190718_154344\" \/><div class=\"caption-wrap\"><div class=\"caption\">Cortijo El Nuevo Olivo &#8211; Orgiva<\/div><\/div><\/li>\n                <li style=\"display: none; width: 100%;\" class=\"slide-431 ms-image \" aria-roledescription=\"slide\" data-date=\"2022-02-09 19:46:43\" data-filename=\"Entrada-1-800x600.jpg\" data-slide-type=\"image\"><img decoding=\"async\" src=\"https:\/\/pamparural.com\/wp-content\/uploads\/2022\/02\/Entrada-1-800x600.jpg\" height=\"600\" width=\"800\" alt=\"\" class=\"slider-58 slide-431 msDefaultImage\" title=\"Entrada 1\" \/><div class=\"caption-wrap\"><div class=\"caption\">Cortijo El Nuevo Olivo &#8211; Orgiva<\/div><\/div><\/li>\n                <li style=\"display: none; width: 100%;\" class=\"slide-61 ms-image \" aria-roledescription=\"slide\" data-date=\"2022-01-08 16:42:34\" data-filename=\"Terraza.jpg\" data-slide-type=\"image\"><img decoding=\"async\" src=\"https:\/\/pamparural.com\/wp-content\/uploads\/2022\/01\/Terraza.jpg\" height=\"600\" width=\"800\" alt=\"\" class=\"slider-58 slide-61 msDefaultImage\" title=\"Terraza\" \/><div class=\"caption-wrap\"><div class=\"caption\">Poqueira House &#8211; Pampaneira<\/div><\/div><\/li>\n                <li style=\"display: none; width: 100%;\" class=\"slide-62 ms-image \" aria-roledescription=\"slide\" data-date=\"2022-01-08 16:42:48\" data-filename=\"20180608_171512.jpg\" data-slide-type=\"image\"><img loading=\"lazy\" decoding=\"async\" src=\"https:\/\/pamparural.com\/wp-content\/uploads\/2022\/01\/20180608_171512.jpg\" height=\"600\" width=\"800\" alt=\"\" class=\"slider-58 slide-62 msDefaultImage\" title=\"20180608_171512\" \/><div class=\"caption-wrap\"><div class=\"caption\">Poqueira House &#8211; Pampaneira<\/div><\/div><\/li>\n                <li style=\"display: none; width: 100%;\" class=\"slide-658 ms-image \" aria-roledescription=\"slide\" data-date=\"2024-01-22 11:15:26\" data-filename=\"Salonchico-800x600.jpg\" data-slide-type=\"image\"><img loading=\"lazy\" decoding=\"async\" src=\"https:\/\/pamparural.com\/wp-content\/uploads\/2024\/01\/Salonchico-800x600.jpg\" height=\"600\" width=\"800\" alt=\"\" class=\"slider-58 slide-658 msDefaultImage\" title=\"Salonchico\" \/><div class=\"caption-wrap\"><div class=\"caption\">Poqueira House &#8211; Pampaneira<\/div><\/div><\/li>\n                <li style=\"display: none; width: 100%;\" class=\"slide-659 ms-image \" aria-roledescription=\"slide\" data-date=\"2024-01-22 11:15:42\" data-filename=\"Billarchico-800x600.jpg\" data-slide-type=\"image\"><img loading=\"lazy\" decoding=\"async\" src=\"https:\/\/pamparural.com\/wp-content\/uploads\/2024\/01\/Billarchico-800x600.jpg\" height=\"600\" width=\"800\" alt=\"\" class=\"slider-58 slide-659 msDefaultImage\" title=\"Billarchico\" \/><div class=\"caption-wrap\"><div class=\"caption\">Poqueira House &#8211; Pampaneira<\/div><\/div><\/li>\n                <li style=\"display: none; width: 100%;\" class=\"slide-869 ms-image \" aria-roledescription=\"slide\" data-date=\"2024-04-04 15:17:33\" data-filename=\"Pisicina-1-800x600.jpg\" data-slide-type=\"image\"><img loading=\"lazy\" decoding=\"async\" src=\"https:\/\/pamparural.com\/wp-content\/uploads\/2024\/04\/Pisicina-1-800x600.jpg\" height=\"600\" width=\"800\" alt=\"\" class=\"slider-58 slide-869 msDefaultImage\" title=\"Pisicina 1\" \/><div class=\"caption-wrap\"><div class=\"caption\">Cortijo El Nuevo Olivo &#8211; Orgiva<\/div><\/div><\/li>\n                <li style=\"display: none; width: 100%;\" class=\"slide-870 ms-image \" aria-roledescription=\"slide\" data-date=\"2024-04-04 15:19:11\" data-filename=\"Portapapeles06-800x600.jpg\" data-slide-type=\"image\"><img loading=\"lazy\" decoding=\"async\" src=\"https:\/\/pamparural.com\/wp-content\/uploads\/2024\/04\/Portapapeles06-800x600.jpg\" height=\"600\" width=\"800\" alt=\"\" class=\"slider-58 slide-870 msDefaultImage\" title=\"Portapapeles06\" \/><div class=\"caption-wrap\"><div class=\"caption\">Cortijo El Nuevo Olivo &#8211; Orgiva<\/div><\/div><\/li>\n            <\/ul>\n        <\/div>\n        \n    <\/div>\n<\/div><\/div>\n<\/div><\/div>\n<hr class=\"wp-block-separator has-css-opacity\" \/>\t\t\t\t\t\t\t\t<\/div>\n\t\t\t\t<\/div>\n\t\t\t\t\t<\/div>\n\t\t<\/div>\n\t\t\t\t\t<\/div>\n\t\t<\/section>\n\t\t\t\t<section class=\"elementor-section elementor-top-section elementor-element elementor-element-5ec8580 elementor-section-boxed elementor-section-height-default elementor-section-height-default\" data-id=\"5ec8580\" data-element_type=\"section\">\n\t\t\t\t\t\t<div class=\"elementor-container elementor-column-gap-default\">\n\t\t\t\t\t<div class=\"elementor-column elementor-col-100 elementor-top-column elementor-element elementor-element-358c801\" data-id=\"358c801\" data-element_type=\"column\">\n\t\t\t<div class=\"elementor-widget-wrap elementor-element-populated\">\n\t\t\t\t\t\t<div class=\"elementor-element elementor-element-95d1a0c elementor-widget-divider--view-line elementor-widget elementor-widget-divider\" data-id=\"95d1a0c\" data-element_type=\"widget\" data-widget_type=\"divider.default\">\n\t\t\t\t<div class=\"elementor-widget-container\">\n\t\t\t\t\t\t\t<div class=\"elementor-divider\">\n\t\t\t<span class=\"elementor-divider-separator\">\n\t\t\t\t\t\t<\/span>\n\t\t<\/div>\n\t\t\t\t\t\t<\/div>\n\t\t\t\t<\/div>\n\t\t\t\t\t<\/div>\n\t\t<\/div>\n\t\t\t\t\t<\/div>\n\t\t<\/section>\n\t\t\t\t<section class=\"elementor-section elementor-top-section elementor-element elementor-element-7b0c901 elementor-section-boxed elementor-section-height-default elementor-section-height-default\" data-id=\"7b0c901\" data-element_type=\"section\">\n\t\t\t\t\t\t<div class=\"elementor-container elementor-column-gap-default\">\n\t\t\t\t\t<div class=\"elementor-column elementor-col-50 elementor-top-column elementor-element elementor-element-c9fc965\" data-id=\"c9fc965\" data-element_type=\"column\">\n\t\t\t<div class=\"elementor-widget-wrap elementor-element-populated\">\n\t\t\t\t\t\t<div class=\"elementor-element elementor-element-a59266e elementor-widget elementor-widget-heading\" data-id=\"a59266e\" data-element_type=\"widget\" data-widget_type=\"heading.default\">\n\t\t\t\t<div class=\"elementor-widget-container\">\n\t\t\t\t\t<h2 class=\"elementor-heading-title elementor-size-default\">Poqueira House - Pampaneira<\/h2>\t\t\t\t<\/div>\n\t\t\t\t<\/div>\n\t\t\t\t\t<\/div>\n\t\t<\/div>\n\t\t\t\t<div class=\"elementor-column elementor-col-50 elementor-top-column elementor-element elementor-element-9ba96e1\" data-id=\"9ba96e1\" data-element_type=\"column\">\n\t\t\t<div class=\"elementor-widget-wrap elementor-element-populated\">\n\t\t\t\t\t\t<div class=\"elementor-element elementor-element-7c6d621 elementor-widget elementor-widget-heading\" data-id=\"7c6d621\" data-element_type=\"widget\" data-widget_type=\"heading.default\">\n\t\t\t\t<div class=\"elementor-widget-container\">\n\t\t\t\t\t<h2 class=\"elementor-heading-title elementor-size-default\">Cortijo El Nuevo Olivo - Orgiva<\/h2>\t\t\t\t<\/div>\n\t\t\t\t<\/div>\n\t\t\t\t\t<\/div>\n\t\t<\/div>\n\t\t\t\t\t<\/div>\n\t\t<\/section>\n\t\t\t\t<section class=\"elementor-section elementor-top-section elementor-element elementor-element-f922fc0 elementor-section-boxed elementor-section-height-default elementor-section-height-default\" data-id=\"f922fc0\" data-element_type=\"section\">\n\t\t\t\t\t\t<div class=\"elementor-container elementor-column-gap-default\">\n\t\t\t\t\t<div class=\"elementor-column elementor-col-50 elementor-top-column elementor-element elementor-element-cc93d69\" data-id=\"cc93d69\" data-element_type=\"column\">\n\t\t\t<div class=\"elementor-widget-wrap elementor-element-populated\">\n\t\t\t\t\t\t<div class=\"elementor-element elementor-element-1862563 elementor-widget elementor-widget-image\" data-id=\"1862563\" data-element_type=\"widget\" data-widget_type=\"image.default\">\n\t\t\t\t<div class=\"elementor-widget-container\">\n\t\t\t\t\t\t\t\t\t\t\t\t\t\t\t\t<a href=\"https:\/\/pamparural.com\/?page_id=2\">\n\t\t\t\t\t\t\t<img loading=\"lazy\" decoding=\"async\" width=\"750\" height=\"563\" src=\"https:\/\/pamparural.com\/wp-content\/uploads\/2024\/01\/Billarchico-1024x768.jpg\" class=\"attachment-large size-large wp-image-656\" alt=\"\" srcset=\"https:\/\/pamparural.com\/wp-content\/uploads\/2024\/01\/Billarchico-1024x768.jpg 1024w, https:\/\/pamparural.com\/wp-content\/uploads\/2024\/01\/Billarchico-300x225.jpg 300w, https:\/\/pamparural.com\/wp-content\/uploads\/2024\/01\/Billarchico-768x576.jpg 768w, https:\/\/pamparural.com\/wp-content\/uploads\/2024\/01\/Billarchico-1536x1152.jpg 1536w, https:\/\/pamparural.com\/wp-content\/uploads\/2024\/01\/Billarchico-800x600.jpg 800w, https:\/\/pamparural.com\/wp-content\/uploads\/2024\/01\/Billarchico-620x465.jpg 620w, https:\/\/pamparural.com\/wp-content\/uploads\/2024\/01\/Billarchico-400x300.jpg 400w, https:\/\/pamparural.com\/wp-content\/uploads\/2024\/01\/Billarchico.jpg 2016w\" sizes=\"(max-width: 750px) 100vw, 750px\" \/>\t\t\t\t\t\t\t\t<\/a>\n\t\t\t\t\t\t\t\t\t\t\t\t\t\t\t<\/div>\n\t\t\t\t<\/div>\n\t\t\t\t\t<\/div>\n\t\t<\/div>\n\t\t\t\t<div class=\"elementor-column elementor-col-50 elementor-top-column elementor-element elementor-element-4c7606b\" data-id=\"4c7606b\" data-element_type=\"column\">\n\t\t\t<div class=\"elementor-widget-wrap elementor-element-populated\">\n\t\t\t\t\t\t<div class=\"elementor-element elementor-element-5c37e40 elementor-widget elementor-widget-image\" data-id=\"5c37e40\" data-element_type=\"widget\" data-widget_type=\"image.default\">\n\t\t\t\t<div class=\"elementor-widget-container\">\n\t\t\t\t\t\t\t\t\t\t\t\t\t\t\t\t<a href=\"https:\/\/pamparural.com\/?page_id=46\">\n\t\t\t\t\t\t\t<img loading=\"lazy\" decoding=\"async\" width=\"750\" height=\"563\" src=\"https:\/\/pamparural.com\/wp-content\/uploads\/2022\/01\/IMG_20190718_154344.jpg\" class=\"attachment-large size-large wp-image-29\" alt=\"\" srcset=\"https:\/\/pamparural.com\/wp-content\/uploads\/2022\/01\/IMG_20190718_154344.jpg 800w, https:\/\/pamparural.com\/wp-content\/uploads\/2022\/01\/IMG_20190718_154344-300x225.jpg 300w, https:\/\/pamparural.com\/wp-content\/uploads\/2022\/01\/IMG_20190718_154344-768x576.jpg 768w\" sizes=\"(max-width: 750px) 100vw, 750px\" \/>\t\t\t\t\t\t\t\t<\/a>\n\t\t\t\t\t\t\t\t\t\t\t\t\t\t\t<\/div>\n\t\t\t\t<\/div>\n\t\t\t\t\t<\/div>\n\t\t<\/div>\n\t\t\t\t\t<\/div>\n\t\t<\/section>\n\t\t\t\t<section class=\"elementor-section elementor-top-section elementor-element elementor-element-80d6ef1 elementor-section-boxed elementor-section-height-default elementor-section-height-default\" data-id=\"80d6ef1\" data-element_type=\"section\">\n\t\t\t\t\t\t<div class=\"elementor-container elementor-column-gap-default\">\n\t\t\t\t\t<div class=\"elementor-column elementor-col-100 elementor-top-column elementor-element elementor-element-e92b404\" data-id=\"e92b404\" data-element_type=\"column\">\n\t\t\t<div class=\"elementor-widget-wrap elementor-element-populated\">\n\t\t\t\t\t\t<div class=\"elementor-element elementor-element-4a90694 elementor-widget elementor-widget-heading\" data-id=\"4a90694\" data-element_type=\"widget\" data-widget_type=\"heading.default\">\n\t\t\t\t<div class=\"elementor-widget-container\">\n\t\t\t\t\t<h2 class=\"elementor-heading-title elementor-size-default\">Video de Poqueira House, conoce la casa.<\/h2>\t\t\t\t<\/div>\n\t\t\t\t<\/div>\n\t\t\t\t\t<\/div>\n\t\t<\/div>\n\t\t\t\t\t<\/div>\n\t\t<\/section>\n\t\t\t\t<section class=\"elementor-section elementor-top-section elementor-element elementor-element-964569c elementor-section-boxed elementor-section-height-default elementor-section-height-default\" data-id=\"964569c\" data-element_type=\"section\">\n\t\t\t\t\t\t<div class=\"elementor-container elementor-column-gap-default\">\n\t\t\t\t\t<div class=\"elementor-column elementor-col-100 elementor-top-column elementor-element elementor-element-e7dd166\" data-id=\"e7dd166\" data-element_type=\"column\">\n\t\t\t<div class=\"elementor-widget-wrap elementor-element-populated\">\n\t\t\t\t\t\t<div class=\"elementor-element elementor-element-290cc3f elementor-widget elementor-widget-video\" data-id=\"290cc3f\" data-element_type=\"widget\" data-settings=\"{&quot;youtube_url&quot;:&quot;https:\\\/\\\/www.youtube.com\\\/watch?v=_DSDNwKwAZw&amp;t=1s&quot;,&quot;video_type&quot;:&quot;youtube&quot;,&quot;controls&quot;:&quot;yes&quot;}\" data-widget_type=\"video.default\">\n\t\t\t\t<div class=\"elementor-widget-container\">\n\t\t\t\t\t\t\t<div class=\"elementor-wrapper elementor-open-inline\">\n\t\t\t<div class=\"elementor-video\"><\/div>\t\t<\/div>\n\t\t\t\t\t\t<\/div>\n\t\t\t\t<\/div>\n\t\t\t\t\t<\/div>\n\t\t<\/div>\n\t\t\t\t\t<\/div>\n\t\t<\/section>\n\t\t\t\t<\/div>\n\t\t","protected":false},"excerpt":{"rendered":"<p>\u00a0 \u00a0 Poqueira House &#8211; Pampaneira Cortijo El Nuevo Olivo &#8211; Orgiva Video de Poqueira House, conoce la casa.<\/p>\n","protected":false},"author":1,"featured_media":0,"parent":0,"menu_order":0,"comment_status":"closed","ping_status":"closed","template":"template-page-builder-no-sidebar.php","meta":{"_joinchat":[],"footnotes":""},"class_list":["post-5","page","type-page","status-publish","hentry"],"yoast_head":"<!-- This site is optimized with the Yoast SEO plugin v26.6 - https:\/\/yoast.com\/wordpress\/plugins\/seo\/ -->\n<title>Inicio - Pamparural<\/title>\n<meta name=\"robots\" content=\"index, follow, max-snippet:-1, max-image-preview:large, max-video-preview:-1\" \/>\n<link rel=\"canonical\" href=\"https:\/\/pamparural.com\/\" \/>\n<meta property=\"og:locale\" content=\"es_ES\" \/>\n<meta property=\"og:type\" content=\"article\" \/>\n<meta property=\"og:title\" content=\"Inicio - Pamparural\" \/>\n<meta property=\"og:description\" content=\"\u00a0 \u00a0 Poqueira House &#8211; Pampaneira Cortijo El Nuevo Olivo &#8211; Orgiva Video de Poqueira House, conoce la casa.\" \/>\n<meta property=\"og:url\" content=\"https:\/\/pamparural.com\/\" \/>\n<meta property=\"og:site_name\" content=\"Pamparural\" \/>\n<meta property=\"article:modified_time\" content=\"2024-01-24T10:32:28+00:00\" \/>\n<meta property=\"og:image\" content=\"https:\/\/pamparural.com\/wp-content\/uploads\/2024\/01\/Billarchico-1024x768.jpg\" \/>\n<meta name=\"twitter:card\" content=\"summary_large_image\" \/>\n<meta name=\"twitter:label1\" content=\"Tiempo de lectura\" \/>\n\t<meta name=\"twitter:data1\" content=\"2 minutos\" \/>\n<script type=\"application\/ld+json\" class=\"yoast-schema-graph\">{\"@context\":\"https:\/\/schema.org\",\"@graph\":[{\"@type\":\"WebPage\",\"@id\":\"https:\/\/pamparural.com\/\",\"url\":\"https:\/\/pamparural.com\/\",\"name\":\"Inicio - Pamparural\",\"isPartOf\":{\"@id\":\"https:\/\/pamparural.com\/#website\"},\"primaryImageOfPage\":{\"@id\":\"https:\/\/pamparural.com\/#primaryimage\"},\"image\":{\"@id\":\"https:\/\/pamparural.com\/#primaryimage\"},\"thumbnailUrl\":\"https:\/\/pamparural.com\/wp-content\/uploads\/2024\/01\/Billarchico-1024x768.jpg\",\"datePublished\":\"2022-01-08T11:52:24+00:00\",\"dateModified\":\"2024-01-24T10:32:28+00:00\",\"breadcrumb\":{\"@id\":\"https:\/\/pamparural.com\/#breadcrumb\"},\"inLanguage\":\"es\",\"potentialAction\":[{\"@type\":\"ReadAction\",\"target\":[\"https:\/\/pamparural.com\/\"]}]},{\"@type\":\"ImageObject\",\"inLanguage\":\"es\",\"@id\":\"https:\/\/pamparural.com\/#primaryimage\",\"url\":\"https:\/\/pamparural.com\/wp-content\/uploads\/2024\/01\/Billarchico.jpg\",\"contentUrl\":\"https:\/\/pamparural.com\/wp-content\/uploads\/2024\/01\/Billarchico.jpg\",\"width\":2016,\"height\":1512},{\"@type\":\"BreadcrumbList\",\"@id\":\"https:\/\/pamparural.com\/#breadcrumb\",\"itemListElement\":[{\"@type\":\"ListItem\",\"position\":1,\"name\":\"Portada\",\"item\":\"https:\/\/pamparural.com\/\"},{\"@type\":\"ListItem\",\"position\":2,\"name\":\"Inicio\"}]},{\"@type\":\"WebSite\",\"@id\":\"https:\/\/pamparural.com\/#website\",\"url\":\"https:\/\/pamparural.com\/\",\"name\":\"Pamparural\",\"description\":\"Viviendas Rurales en la Alpujarra de Granada\",\"publisher\":{\"@id\":\"https:\/\/pamparural.com\/#organization\"},\"potentialAction\":[{\"@type\":\"SearchAction\",\"target\":{\"@type\":\"EntryPoint\",\"urlTemplate\":\"https:\/\/pamparural.com\/?s={search_term_string}\"},\"query-input\":{\"@type\":\"PropertyValueSpecification\",\"valueRequired\":true,\"valueName\":\"search_term_string\"}}],\"inLanguage\":\"es\"},{\"@type\":\"Organization\",\"@id\":\"https:\/\/pamparural.com\/#organization\",\"name\":\"Pamparural\",\"url\":\"https:\/\/pamparural.com\/\",\"logo\":{\"@type\":\"ImageObject\",\"inLanguage\":\"es\",\"@id\":\"https:\/\/pamparural.com\/#\/schema\/logo\/image\/\",\"url\":\"https:\/\/pamparural.com\/wp-content\/uploads\/2022\/02\/propuesta-05.png\",\"contentUrl\":\"https:\/\/pamparural.com\/wp-content\/uploads\/2022\/02\/propuesta-05.png\",\"width\":409,\"height\":409,\"caption\":\"Pamparural\"},\"image\":{\"@id\":\"https:\/\/pamparural.com\/#\/schema\/logo\/image\/\"}}]}<\/script>\n<!-- \/ Yoast SEO plugin. -->","yoast_head_json":{"title":"Inicio - Pamparural","robots":{"index":"index","follow":"follow","max-snippet":"max-snippet:-1","max-image-preview":"max-image-preview:large","max-video-preview":"max-video-preview:-1"},"canonical":"https:\/\/pamparural.com\/","og_locale":"es_ES","og_type":"article","og_title":"Inicio - Pamparural","og_description":"\u00a0 \u00a0 Poqueira House &#8211; Pampaneira Cortijo El Nuevo Olivo &#8211; Orgiva Video de Poqueira House, conoce la casa.","og_url":"https:\/\/pamparural.com\/","og_site_name":"Pamparural","article_modified_time":"2024-01-24T10:32:28+00:00","og_image":[{"url":"https:\/\/pamparural.com\/wp-content\/uploads\/2024\/01\/Billarchico-1024x768.jpg","type":"","width":"","height":""}],"twitter_card":"summary_large_image","twitter_misc":{"Tiempo de lectura":"2 minutos"},"schema":{"@context":"https:\/\/schema.org","@graph":[{"@type":"WebPage","@id":"https:\/\/pamparural.com\/","url":"https:\/\/pamparural.com\/","name":"Inicio - Pamparural","isPartOf":{"@id":"https:\/\/pamparural.com\/#website"},"primaryImageOfPage":{"@id":"https:\/\/pamparural.com\/#primaryimage"},"image":{"@id":"https:\/\/pamparural.com\/#primaryimage"},"thumbnailUrl":"https:\/\/pamparural.com\/wp-content\/uploads\/2024\/01\/Billarchico-1024x768.jpg","datePublished":"2022-01-08T11:52:24+00:00","dateModified":"2024-01-24T10:32:28+00:00","breadcrumb":{"@id":"https:\/\/pamparural.com\/#breadcrumb"},"inLanguage":"es","potentialAction":[{"@type":"ReadAction","target":["https:\/\/pamparural.com\/"]}]},{"@type":"ImageObject","inLanguage":"es","@id":"https:\/\/pamparural.com\/#primaryimage","url":"https:\/\/pamparural.com\/wp-content\/uploads\/2024\/01\/Billarchico.jpg","contentUrl":"https:\/\/pamparural.com\/wp-content\/uploads\/2024\/01\/Billarchico.jpg","width":2016,"height":1512},{"@type":"BreadcrumbList","@id":"https:\/\/pamparural.com\/#breadcrumb","itemListElement":[{"@type":"ListItem","position":1,"name":"Portada","item":"https:\/\/pamparural.com\/"},{"@type":"ListItem","position":2,"name":"Inicio"}]},{"@type":"WebSite","@id":"https:\/\/pamparural.com\/#website","url":"https:\/\/pamparural.com\/","name":"Pamparural","description":"Viviendas Rurales en la Alpujarra de Granada","publisher":{"@id":"https:\/\/pamparural.com\/#organization"},"potentialAction":[{"@type":"SearchAction","target":{"@type":"EntryPoint","urlTemplate":"https:\/\/pamparural.com\/?s={search_term_string}"},"query-input":{"@type":"PropertyValueSpecification","valueRequired":true,"valueName":"search_term_string"}}],"inLanguage":"es"},{"@type":"Organization","@id":"https:\/\/pamparural.com\/#organization","name":"Pamparural","url":"https:\/\/pamparural.com\/","logo":{"@type":"ImageObject","inLanguage":"es","@id":"https:\/\/pamparural.com\/#\/schema\/logo\/image\/","url":"https:\/\/pamparural.com\/wp-content\/uploads\/2022\/02\/propuesta-05.png","contentUrl":"https:\/\/pamparural.com\/wp-content\/uploads\/2022\/02\/propuesta-05.png","width":409,"height":409,"caption":"Pamparural"},"image":{"@id":"https:\/\/pamparural.com\/#\/schema\/logo\/image\/"}}]}},"_links":{"self":[{"href":"https:\/\/pamparural.com\/index.php?rest_route=\/wp\/v2\/pages\/5","targetHints":{"allow":["GET"]}}],"collection":[{"href":"https:\/\/pamparural.com\/index.php?rest_route=\/wp\/v2\/pages"}],"about":[{"href":"https:\/\/pamparural.com\/index.php?rest_route=\/wp\/v2\/types\/page"}],"author":[{"embeddable":true,"href":"https:\/\/pamparural.com\/index.php?rest_route=\/wp\/v2\/users\/1"}],"replies":[{"embeddable":true,"href":"https:\/\/pamparural.com\/index.php?rest_route=%2Fwp%2Fv2%2Fcomments&post=5"}],"version-history":[{"count":165,"href":"https:\/\/pamparural.com\/index.php?rest_route=\/wp\/v2\/pages\/5\/revisions"}],"predecessor-version":[{"id":768,"href":"https:\/\/pamparural.com\/index.php?rest_route=\/wp\/v2\/pages\/5\/revisions\/768"}],"wp:attachment":[{"href":"https:\/\/pamparural.com\/index.php?rest_route=%2Fwp%2Fv2%2Fmedia&parent=5"}],"curies":[{"name":"wp","href":"https:\/\/api.w.org\/{rel}","templated":true}]}}