{"id":438,"date":"2022-02-10T16:43:03","date_gmt":"2022-02-10T15:43:03","guid":{"rendered":"https:\/\/pamparural.com\/?page_id=438"},"modified":"2022-02-10T19:20:43","modified_gmt":"2022-02-10T18:20:43","slug":"pampaneira","status":"publish","type":"page","link":"https:\/\/pamparural.com\/?page_id=438","title":{"rendered":"Pampaneira"},"content":{"rendered":"\n<p class=\"has-white-color has-text-color\">Pampaneira es un municipio espa\u00f1ol, perteneciente a la provincia de Granada, en Andaluc\u00eda. Est\u00e1 situado en pleno barranco de Poqueira, en la parte centro-occidental de la Alpujarra Granadina, a unos 72 km de la capital provincial. Limita con los municipios de Bubi\u00f3n, Capileira, La Tah\u00e1, \u00d3rgiva, Carataunas y Soport\u00fajar. Gran parte de su t\u00e9rmino municipal pertenece al Parque Nacional de Sierra Nevada y al Conjunto Hist\u00f3rico del Barranco de Poqueira. <\/p>\n\n\n\n<p class=\"has-white-color has-text-color\">Cuando el <a rel=\"noreferrer noopener\" href=\"https:\/\/es.wikipedia.org\/wiki\/Reino_nazar%C3%AD_de_Granada\" target=\"_blank\">Reino de Granada<\/a> se rindi\u00f3 a los Reyes Cat\u00f3licos, muchos de sus habitantes se refugiaron en las <a rel=\"noreferrer noopener\" href=\"https:\/\/es.wikipedia.org\/wiki\/Alpujarras\" target=\"_blank\">Alpujarras<\/a> y siguieron durante casi ochenta a\u00f1os con sus costumbres, su religi\u00f3n y su lengua. Eran los moriscos granadinos, que aguantaron en sus escarpadas monta\u00f1as, hasta que <em>Don<\/em> Juan de Austria, enviado especial del rey Felipe II, acab\u00f3 con la violenta guerra que exist\u00eda.<\/p>\n\n\n\n<p class=\"has-white-color has-text-color\">El despoblamiento posterior fue bastante generalizado y hubo que repoblar las tierras alpujarre\u00f1as con gentes provenientes del reino de Castilla, incluida la baja Andaluc\u00eda. El top\u00f3nimo de Pampaneira, al igual que otros de las Alpujarras terminados en \u00abeira\u00bb proceden del romance andalus\u00ed o moz\u00e1rabe,<sup><a href=\"https:\/\/es.wikipedia.org\/wiki\/Pampaneira#cite_note-1\">1<\/a><\/sup>\u200b y ya exist\u00edan antes de la conquista castellana<\/p>\n\n\n\n<div class=\"alignnormal\"><div id=\"metaslider-id-449\" style=\"max-width: 1028px; margin: 0 auto;\" class=\"ml-slider-3-108-0 metaslider metaslider-flex metaslider-449 ml-slider ms-theme-simply-dark nav-hidden\" role=\"region\" aria-label=\"Pampaneira\" data-height=\"720\" data-width=\"1028\">\n    <div id=\"metaslider_container_449\">\n        <div id=\"metaslider_449\" class=\"flexslider\">\n            <ul class='slides'>\n                <li style=\"display: block; width: 100%;\" class=\"slide-476 ms-image \" aria-roledescription=\"slide\" data-date=\"2022-02-10 19:14:52\" data-filename=\"visitar-pampaneira-7-1028x720.jpg\" data-slide-type=\"image\"><img fetchpriority=\"high\" decoding=\"async\" src=\"https:\/\/pamparural.com\/wp-content\/uploads\/2022\/02\/visitar-pampaneira-7-1028x720.jpg\" height=\"720\" width=\"1028\" alt=\"\" class=\"slider-449 slide-476 msDefaultImage\" title=\"visitar-pampaneira-7\" \/><\/li>\n                <li style=\"display: none; width: 100%;\" class=\"slide-477 ms-image \" aria-roledescription=\"slide\" data-date=\"2022-02-10 19:14:52\" data-filename=\"PortadaPampaneira-1028x720.jpg\" data-slide-type=\"image\"><img decoding=\"async\" src=\"https:\/\/pamparural.com\/wp-content\/uploads\/2022\/02\/PortadaPampaneira-1028x720.jpg\" height=\"720\" width=\"1028\" alt=\"\" class=\"slider-449 slide-477 msDefaultImage\" title=\"PortadaPampaneira\" \/><\/li>\n                <li style=\"display: none; width: 100%;\" class=\"slide-478 ms-image \" aria-roledescription=\"slide\" data-date=\"2022-02-10 19:14:52\" data-filename=\"pampaneira-alpujarra-8-856x600.jpg\" data-slide-type=\"image\"><img decoding=\"async\" src=\"https:\/\/pamparural.com\/wp-content\/uploads\/2022\/02\/pampaneira-alpujarra-8-856x600.jpg\" height=\"720\" width=\"1028\" alt=\"\" class=\"slider-449 slide-478 msDefaultImage\" title=\"pampaneira-alpujarra-8\" \/><\/li>\n                <li style=\"display: none; width: 100%;\" class=\"slide-479 ms-image \" aria-roledescription=\"slide\" data-date=\"2022-02-10 19:14:52\" data-filename=\"pampaneira-1-wgl-pc110104--993x696.jpg\" data-slide-type=\"image\"><img loading=\"lazy\" decoding=\"async\" src=\"https:\/\/pamparural.com\/wp-content\/uploads\/2022\/02\/pampaneira-1-wgl-pc110104--993x696.jpg\" height=\"720\" width=\"1028\" alt=\"\" class=\"slider-449 slide-479 msDefaultImage\" title=\"pampaneira-1-wgl-pc110104--\" \/><\/li>\n                <li style=\"display: none; width: 100%;\" class=\"slide-480 ms-image \" aria-roledescription=\"slide\" data-date=\"2022-02-10 19:14:52\" data-filename=\"maxresdefault-1028x720.jpg\" data-slide-type=\"image\"><img loading=\"lazy\" decoding=\"async\" src=\"https:\/\/pamparural.com\/wp-content\/uploads\/2022\/02\/maxresdefault-1028x720.jpg\" height=\"720\" width=\"1028\" alt=\"\" class=\"slider-449 slide-480 msDefaultImage\" title=\"maxresdefault\" \/><\/li>\n                <li style=\"display: none; width: 100%;\" class=\"slide-481 ms-image \" aria-roledescription=\"slide\" data-date=\"2022-02-10 19:14:52\" data-filename=\"lavaderos-publicos-en-pampaneira-alpujarra-85807-xl-1028x720.jpg\" data-slide-type=\"image\"><img loading=\"lazy\" decoding=\"async\" src=\"https:\/\/pamparural.com\/wp-content\/uploads\/2022\/02\/lavaderos-publicos-en-pampaneira-alpujarra-85807-xl-1028x720.jpg\" height=\"720\" width=\"1028\" alt=\"\" class=\"slider-449 slide-481 msDefaultImage\" title=\"lavaderos-publicos-en-pampaneira-alpujarra-85807-xl\" \/><\/li>\n                <li style=\"display: none; width: 100%;\" class=\"slide-482 ms-image \" aria-roledescription=\"slide\" data-date=\"2022-02-10 19:14:52\" data-filename=\"IMG_1563-857x600.jpg\" data-slide-type=\"image\"><img loading=\"lazy\" decoding=\"async\" src=\"https:\/\/pamparural.com\/wp-content\/uploads\/2022\/02\/IMG_1563-857x600.jpg\" height=\"720\" width=\"1028\" alt=\"\" class=\"slider-449 slide-482 msDefaultImage\" title=\"IMG_1563\" \/><\/li>\n                <li style=\"display: none; width: 100%;\" class=\"slide-483 ms-image \" aria-roledescription=\"slide\" data-date=\"2022-02-10 19:14:52\" data-filename=\"IMG_1562-514x360.jpg\" data-slide-type=\"image\"><img loading=\"lazy\" decoding=\"async\" src=\"https:\/\/pamparural.com\/wp-content\/uploads\/2022\/02\/IMG_1562-514x360.jpg\" height=\"720\" width=\"1028\" alt=\"\" class=\"slider-449 slide-483 msDefaultImage\" title=\"IMG_1562\" \/><\/li>\n                <li style=\"display: none; width: 100%;\" class=\"slide-484 ms-image \" aria-roledescription=\"slide\" data-date=\"2022-02-10 19:14:52\" data-filename=\"IMG_1524-514x360.jpg\" data-slide-type=\"image\"><img loading=\"lazy\" decoding=\"async\" src=\"https:\/\/pamparural.com\/wp-content\/uploads\/2022\/02\/IMG_1524-514x360.jpg\" height=\"720\" width=\"1028\" alt=\"\" class=\"slider-449 slide-484 msDefaultImage\" title=\"IMG_1524\" \/><\/li>\n                <li style=\"display: none; width: 100%;\" class=\"slide-485 ms-image \" aria-roledescription=\"slide\" data-date=\"2022-02-10 19:14:52\" data-filename=\"IMG_1499-857x600.jpg\" data-slide-type=\"image\"><img loading=\"lazy\" decoding=\"async\" src=\"https:\/\/pamparural.com\/wp-content\/uploads\/2022\/02\/IMG_1499-857x600.jpg\" height=\"720\" width=\"1028\" alt=\"\" class=\"slider-449 slide-485 msDefaultImage\" title=\"IMG_1499\" \/><\/li>\n                <li style=\"display: none; width: 100%;\" class=\"slide-486 ms-image \" aria-roledescription=\"slide\" data-date=\"2022-02-10 19:14:52\" data-filename=\"alpujarra-1-1010x674-1-962x674.jpeg\" data-slide-type=\"image\"><img loading=\"lazy\" decoding=\"async\" src=\"https:\/\/pamparural.com\/wp-content\/uploads\/2022\/02\/alpujarra-1-1010x674-1-962x674.jpeg\" height=\"720\" width=\"1028\" alt=\"\" class=\"slider-449 slide-486 msDefaultImage\" title=\"Alpujarra, Capileira\" \/><\/li>\n                <li style=\"display: none; width: 100%;\" class=\"slide-487 ms-image \" aria-roledescription=\"slide\" data-date=\"2022-02-10 19:14:52\" data-filename=\"49918548861_d242474cd6_b-975x683.jpg\" data-slide-type=\"image\"><img loading=\"lazy\" decoding=\"async\" src=\"https:\/\/pamparural.com\/wp-content\/uploads\/2022\/02\/49918548861_d242474cd6_b-975x683.jpg\" height=\"720\" width=\"1028\" alt=\"\" class=\"slider-449 slide-487 msDefaultImage\" title=\"49918548861_d242474cd6_b\" \/><\/li>\n            <\/ul>\n        <\/div>\n        \n    <\/div>\n<\/div><\/div>\n","protected":false},"excerpt":{"rendered":"<p>Pampaneira es un municipio espa\u00f1ol, perteneciente a la provincia de Granada, en Andaluc\u00eda. Est\u00e1 situado en pleno barranco de Poqueira, en la parte centro-occidental de la Alpujarra Granadina, a unos 72 km de la capital provincial. Limita con los municipios <a href=\"https:\/\/pamparural.com\/?page_id=438\" class=\"read-more\">Leer m\u00e1s<\/a><\/p>\n","protected":false},"author":1,"featured_media":0,"parent":436,"menu_order":0,"comment_status":"closed","ping_status":"closed","template":"template-page-builder-no-sidebar.php","meta":{"_joinchat":[],"footnotes":""},"class_list":["post-438","page","type-page","status-publish","hentry"],"yoast_head":"<!-- This site is optimized with the Yoast SEO plugin v27.4 - https:\/\/yoast.com\/product\/yoast-seo-wordpress\/ -->\n<title>Pampaneira - Pamparural<\/title>\n<meta name=\"robots\" content=\"index, follow, max-snippet:-1, max-image-preview:large, max-video-preview:-1\" \/>\n<link rel=\"canonical\" href=\"https:\/\/pamparural.com\/?page_id=438\" \/>\n<meta property=\"og:locale\" content=\"es_ES\" \/>\n<meta property=\"og:type\" content=\"article\" \/>\n<meta property=\"og:title\" content=\"Pampaneira - Pamparural\" \/>\n<meta property=\"og:description\" content=\"Pampaneira es un municipio espa\u00f1ol, perteneciente a la provincia de Granada, en Andaluc\u00eda. Est\u00e1 situado en pleno barranco de Poqueira, en la parte centro-occidental de la Alpujarra Granadina, a unos 72 km de la capital provincial. Limita con los municipios Leer m\u00e1s\" \/>\n<meta property=\"og:url\" content=\"https:\/\/pamparural.com\/?page_id=438\" \/>\n<meta property=\"og:site_name\" content=\"Pamparural\" \/>\n<meta property=\"article:modified_time\" content=\"2022-02-10T18:20:43+00:00\" \/>\n<meta name=\"twitter:card\" content=\"summary_large_image\" \/>\n<meta name=\"twitter:label1\" content=\"Tiempo de lectura\" \/>\n\t<meta name=\"twitter:data1\" content=\"1 minuto\" \/>\n<script type=\"application\/ld+json\" class=\"yoast-schema-graph\">{\"@context\":\"https:\\\/\\\/schema.org\",\"@graph\":[{\"@type\":\"WebPage\",\"@id\":\"https:\\\/\\\/pamparural.com\\\/?page_id=438\",\"url\":\"https:\\\/\\\/pamparural.com\\\/?page_id=438\",\"name\":\"Pampaneira - Pamparural\",\"isPartOf\":{\"@id\":\"https:\\\/\\\/pamparural.com\\\/#website\"},\"datePublished\":\"2022-02-10T15:43:03+00:00\",\"dateModified\":\"2022-02-10T18:20:43+00:00\",\"breadcrumb\":{\"@id\":\"https:\\\/\\\/pamparural.com\\\/?page_id=438#breadcrumb\"},\"inLanguage\":\"es\",\"potentialAction\":[{\"@type\":\"ReadAction\",\"target\":[\"https:\\\/\\\/pamparural.com\\\/?page_id=438\"]}]},{\"@type\":\"BreadcrumbList\",\"@id\":\"https:\\\/\\\/pamparural.com\\\/?page_id=438#breadcrumb\",\"itemListElement\":[{\"@type\":\"ListItem\",\"position\":1,\"name\":\"Portada\",\"item\":\"https:\\\/\\\/pamparural.com\\\/\"},{\"@type\":\"ListItem\",\"position\":2,\"name\":\"La Alpujarra\",\"item\":\"https:\\\/\\\/pamparural.com\\\/?page_id=436\"},{\"@type\":\"ListItem\",\"position\":3,\"name\":\"Pampaneira\"}]},{\"@type\":\"WebSite\",\"@id\":\"https:\\\/\\\/pamparural.com\\\/#website\",\"url\":\"https:\\\/\\\/pamparural.com\\\/\",\"name\":\"Pamparural\",\"description\":\"Viviendas Rurales en la Alpujarra de Granada\",\"publisher\":{\"@id\":\"https:\\\/\\\/pamparural.com\\\/#organization\"},\"potentialAction\":[{\"@type\":\"SearchAction\",\"target\":{\"@type\":\"EntryPoint\",\"urlTemplate\":\"https:\\\/\\\/pamparural.com\\\/?s={search_term_string}\"},\"query-input\":{\"@type\":\"PropertyValueSpecification\",\"valueRequired\":true,\"valueName\":\"search_term_string\"}}],\"inLanguage\":\"es\"},{\"@type\":\"Organization\",\"@id\":\"https:\\\/\\\/pamparural.com\\\/#organization\",\"name\":\"Pamparural\",\"url\":\"https:\\\/\\\/pamparural.com\\\/\",\"logo\":{\"@type\":\"ImageObject\",\"inLanguage\":\"es\",\"@id\":\"https:\\\/\\\/pamparural.com\\\/#\\\/schema\\\/logo\\\/image\\\/\",\"url\":\"https:\\\/\\\/pamparural.com\\\/wp-content\\\/uploads\\\/2022\\\/02\\\/propuesta-05.png\",\"contentUrl\":\"https:\\\/\\\/pamparural.com\\\/wp-content\\\/uploads\\\/2022\\\/02\\\/propuesta-05.png\",\"width\":409,\"height\":409,\"caption\":\"Pamparural\"},\"image\":{\"@id\":\"https:\\\/\\\/pamparural.com\\\/#\\\/schema\\\/logo\\\/image\\\/\"}}]}<\/script>\n<!-- \/ Yoast SEO plugin. -->","yoast_head_json":{"title":"Pampaneira - Pamparural","robots":{"index":"index","follow":"follow","max-snippet":"max-snippet:-1","max-image-preview":"max-image-preview:large","max-video-preview":"max-video-preview:-1"},"canonical":"https:\/\/pamparural.com\/?page_id=438","og_locale":"es_ES","og_type":"article","og_title":"Pampaneira - Pamparural","og_description":"Pampaneira es un municipio espa\u00f1ol, perteneciente a la provincia de Granada, en Andaluc\u00eda. Est\u00e1 situado en pleno barranco de Poqueira, en la parte centro-occidental de la Alpujarra Granadina, a unos 72 km de la capital provincial. Limita con los municipios Leer m\u00e1s","og_url":"https:\/\/pamparural.com\/?page_id=438","og_site_name":"Pamparural","article_modified_time":"2022-02-10T18:20:43+00:00","twitter_card":"summary_large_image","twitter_misc":{"Tiempo de lectura":"1 minuto"},"schema":{"@context":"https:\/\/schema.org","@graph":[{"@type":"WebPage","@id":"https:\/\/pamparural.com\/?page_id=438","url":"https:\/\/pamparural.com\/?page_id=438","name":"Pampaneira - Pamparural","isPartOf":{"@id":"https:\/\/pamparural.com\/#website"},"datePublished":"2022-02-10T15:43:03+00:00","dateModified":"2022-02-10T18:20:43+00:00","breadcrumb":{"@id":"https:\/\/pamparural.com\/?page_id=438#breadcrumb"},"inLanguage":"es","potentialAction":[{"@type":"ReadAction","target":["https:\/\/pamparural.com\/?page_id=438"]}]},{"@type":"BreadcrumbList","@id":"https:\/\/pamparural.com\/?page_id=438#breadcrumb","itemListElement":[{"@type":"ListItem","position":1,"name":"Portada","item":"https:\/\/pamparural.com\/"},{"@type":"ListItem","position":2,"name":"La Alpujarra","item":"https:\/\/pamparural.com\/?page_id=436"},{"@type":"ListItem","position":3,"name":"Pampaneira"}]},{"@type":"WebSite","@id":"https:\/\/pamparural.com\/#website","url":"https:\/\/pamparural.com\/","name":"Pamparural","description":"Viviendas Rurales en la Alpujarra de Granada","publisher":{"@id":"https:\/\/pamparural.com\/#organization"},"potentialAction":[{"@type":"SearchAction","target":{"@type":"EntryPoint","urlTemplate":"https:\/\/pamparural.com\/?s={search_term_string}"},"query-input":{"@type":"PropertyValueSpecification","valueRequired":true,"valueName":"search_term_string"}}],"inLanguage":"es"},{"@type":"Organization","@id":"https:\/\/pamparural.com\/#organization","name":"Pamparural","url":"https:\/\/pamparural.com\/","logo":{"@type":"ImageObject","inLanguage":"es","@id":"https:\/\/pamparural.com\/#\/schema\/logo\/image\/","url":"https:\/\/pamparural.com\/wp-content\/uploads\/2022\/02\/propuesta-05.png","contentUrl":"https:\/\/pamparural.com\/wp-content\/uploads\/2022\/02\/propuesta-05.png","width":409,"height":409,"caption":"Pamparural"},"image":{"@id":"https:\/\/pamparural.com\/#\/schema\/logo\/image\/"}}]}},"_links":{"self":[{"href":"https:\/\/pamparural.com\/index.php?rest_route=\/wp\/v2\/pages\/438","targetHints":{"allow":["GET"]}}],"collection":[{"href":"https:\/\/pamparural.com\/index.php?rest_route=\/wp\/v2\/pages"}],"about":[{"href":"https:\/\/pamparural.com\/index.php?rest_route=\/wp\/v2\/types\/page"}],"author":[{"embeddable":true,"href":"https:\/\/pamparural.com\/index.php?rest_route=\/wp\/v2\/users\/1"}],"replies":[{"embeddable":true,"href":"https:\/\/pamparural.com\/index.php?rest_route=%2Fwp%2Fv2%2Fcomments&post=438"}],"version-history":[{"count":7,"href":"https:\/\/pamparural.com\/index.php?rest_route=\/wp\/v2\/pages\/438\/revisions"}],"predecessor-version":[{"id":502,"href":"https:\/\/pamparural.com\/index.php?rest_route=\/wp\/v2\/pages\/438\/revisions\/502"}],"up":[{"embeddable":true,"href":"https:\/\/pamparural.com\/index.php?rest_route=\/wp\/v2\/pages\/436"}],"wp:attachment":[{"href":"https:\/\/pamparural.com\/index.php?rest_route=%2Fwp%2Fv2%2Fmedia&parent=438"}],"curies":[{"name":"wp","href":"https:\/\/api.w.org\/{rel}","templated":true}]}}