{"id":2,"date":"2016-05-10T03:48:21","date_gmt":"2016-05-10T03:48:21","guid":{"rendered":"https:\/\/publicity.com.es\/?page_id=2"},"modified":"2025-11-04T17:20:59","modified_gmt":"2025-11-04T16:20:59","slug":"sample-page","status":"publish","type":"page","link":"https:\/\/pamparural.com\/?page_id=2","title":{"rendered":"Poqueira House"},"content":{"rendered":"\t\t<div data-elementor-type=\"wp-page\" data-elementor-id=\"2\" class=\"elementor elementor-2\">\n\t\t\t\t\t\t<section class=\"elementor-section elementor-top-section elementor-element elementor-element-748908c4 elementor-section-full_width elementor-section-height-default elementor-section-height-default\" data-id=\"748908c4\" data-element_type=\"section\" data-e-type=\"section\">\n\t\t\t\t\t\t<div class=\"elementor-container elementor-column-gap-default\">\n\t\t\t\t\t<div class=\"elementor-column elementor-col-100 elementor-top-column elementor-element elementor-element-4d765047\" data-id=\"4d765047\" data-element_type=\"column\" data-e-type=\"column\">\n\t\t\t<div class=\"elementor-widget-wrap elementor-element-populated\">\n\t\t\t\t\t\t<div class=\"elementor-element elementor-element-518c2884 elementor-widget elementor-widget-text-editor\" data-id=\"518c2884\" data-element_type=\"widget\" data-e-type=\"widget\" data-widget_type=\"text-editor.default\">\n\t\t\t\t<div class=\"elementor-widget-container\">\n\t\t\t\t\t\t\t\t\t\n<p class=\"has-text-align-center has-luminous-vivid-orange-color has-black-background-color has-text-color has-background\" style=\"font-size: 32px;\"><strong>Poqueira Rural<\/strong>, un lugar diferente<\/p>\n\n<div class=\"wp-block-columns is-layout-flex wp-container-core-columns-is-layout-9d6595d7 wp-block-columns-is-layout-flex\">\n<div class=\"wp-block-column is-layout-flow wp-block-column-is-layout-flow\" style=\"flex-basis: 66.66%;\">\n<div class=\"alignnormal\"><div id=\"metaslider-id-124\" style=\"max-width: 800px; margin: 0 auto;\" class=\"ml-slider-3-108-0 metaslider metaslider-flex metaslider-124 ml-slider ms-theme-simply-dark nav-hidden\" role=\"region\" aria-label=\"PR II\" data-height=\"500\" data-width=\"800\">\n    <div id=\"metaslider_container_124\">\n        <div id=\"metaslider_124\" class=\"flexslider\">\n            <ul class='slides'>\n                <li style=\"display: block; width: 100%;\" class=\"slide-125 ms-image \" aria-roledescription=\"slide\" data-date=\"2022-01-15 11:48:52\" data-filename=\"Terraza-800x500.jpg\" data-slide-type=\"image\"><img fetchpriority=\"high\" decoding=\"async\" src=\"https:\/\/pamparural.com\/wp-content\/uploads\/2022\/01\/Terraza-800x500.jpg\" height=\"500\" width=\"800\" alt=\"\" class=\"slider-124 slide-125 msDefaultImage\" title=\"Terraza\" \/><div class=\"caption-wrap\"><div class=\"caption\">Balc\u00f3n terraza. Vistas al Barranco<\/div><\/div><\/li>\n                <li style=\"display: none; width: 100%;\" class=\"slide-130 ms-image \" aria-roledescription=\"slide\" data-date=\"2022-01-15 11:48:52\" data-filename=\"20180608_170923-800x500.jpg\" data-slide-type=\"image\"><img decoding=\"async\" src=\"https:\/\/pamparural.com\/wp-content\/uploads\/2022\/01\/20180608_170923-800x500.jpg\" height=\"500\" width=\"800\" alt=\"\" class=\"slider-124 slide-130 msDefaultImage\" title=\"20180608_170923\" \/><\/li>\n                <li style=\"display: none; width: 100%;\" class=\"slide-244 ms-image \" aria-roledescription=\"slide\" data-date=\"2022-02-05 11:18:38\" data-filename=\"wp20180608_170851-800x500.jpg\" data-slide-type=\"image\"><img decoding=\"async\" src=\"https:\/\/pamparural.com\/wp-content\/uploads\/2022\/02\/wp20180608_170851-800x500.jpg\" height=\"500\" width=\"800\" alt=\"\" class=\"slider-124 slide-244 msDefaultImage\" title=\"wp20180608_170851\" \/><\/li>\n                <li style=\"display: none; width: 100%;\" class=\"slide-249 ms-image \" aria-roledescription=\"slide\" data-date=\"2022-02-05 11:19:36\" data-filename=\"wp20180414_190824-600x375.jpg\" data-slide-type=\"image\"><img loading=\"lazy\" decoding=\"async\" src=\"https:\/\/pamparural.com\/wp-content\/uploads\/2022\/02\/wp20180414_190824-600x375.jpg\" height=\"500\" width=\"800\" alt=\"\" class=\"slider-124 slide-249 msDefaultImage\" title=\"wp20180414_190824\" \/><div class=\"caption-wrap\"><div class=\"caption\">Ba\u00f1o completo Planta Baja<\/div><\/div><\/li>\n                <li style=\"display: none; width: 100%;\" class=\"slide-246 ms-image \" aria-roledescription=\"slide\" data-date=\"2022-02-05 11:19:08\" data-filename=\"wp20180506_224402-800x500.jpg\" data-slide-type=\"image\"><img loading=\"lazy\" decoding=\"async\" src=\"https:\/\/pamparural.com\/wp-content\/uploads\/2022\/02\/wp20180506_224402-800x500.jpg\" height=\"500\" width=\"800\" alt=\"\" class=\"slider-124 slide-246 msDefaultImage\" title=\"wp20180506_224402\" \/><\/li>\n                <li style=\"display: none; width: 100%;\" class=\"slide-834 ms-image \" aria-roledescription=\"slide\" data-date=\"2024-02-12 13:16:37\" data-filename=\"1707739819599-scaled-800x500.jpg\" data-slide-type=\"image\"><img loading=\"lazy\" decoding=\"async\" src=\"https:\/\/pamparural.com\/wp-content\/uploads\/2024\/02\/1707739819599-scaled-800x500.jpg\" height=\"500\" width=\"800\" alt=\"\" class=\"slider-124 slide-834 msDefaultImage\" title=\"1707739819599\" \/><\/li>\n                <li style=\"display: none; width: 100%;\" class=\"slide-284 ms-image \" aria-roledescription=\"slide\" data-date=\"2022-02-06 11:39:05\" data-filename=\"wpIMG_20180915_212455-600x375.jpg\" data-slide-type=\"image\"><img loading=\"lazy\" decoding=\"async\" src=\"https:\/\/pamparural.com\/wp-content\/uploads\/2022\/02\/wpIMG_20180915_212455-600x375.jpg\" height=\"500\" width=\"800\" alt=\"\" class=\"slider-124 slide-284 msDefaultImage\" title=\"cof\" \/><div class=\"caption-wrap\"><div class=\"caption\">cof<\/div><\/div><\/li>\n                <li style=\"display: none; width: 100%;\" class=\"slide-835 ms-image \" aria-roledescription=\"slide\" data-date=\"2024-02-12 13:16:53\" data-filename=\"1707739819611-scaled-800x500.jpg\" data-slide-type=\"image\"><img loading=\"lazy\" decoding=\"async\" src=\"https:\/\/pamparural.com\/wp-content\/uploads\/2024\/02\/1707739819611-scaled-800x500.jpg\" height=\"500\" width=\"800\" alt=\"\" class=\"slider-124 slide-835 msDefaultImage\" title=\"1707739819611\" \/><\/li>\n                <li style=\"display: none; width: 100%;\" class=\"slide-252 ms-image \" aria-roledescription=\"slide\" data-date=\"2022-02-05 11:45:12\" data-filename=\"wp1644057582329-800x500.jpg\" data-slide-type=\"image\"><img loading=\"lazy\" decoding=\"async\" src=\"https:\/\/pamparural.com\/wp-content\/uploads\/2022\/02\/wp1644057582329-800x500.jpg\" height=\"500\" width=\"800\" alt=\"\" class=\"slider-124 slide-252 msDefaultImage\" title=\"wp1644057582329\" \/><\/li>\n                <li style=\"display: none; width: 100%;\" class=\"slide-128 ms-image \" aria-roledescription=\"slide\" data-date=\"2022-01-15 11:48:52\" data-filename=\"20180608_171512-800x500.jpg\" data-slide-type=\"image\"><img loading=\"lazy\" decoding=\"async\" src=\"https:\/\/pamparural.com\/wp-content\/uploads\/2022\/01\/20180608_171512-800x500.jpg\" height=\"500\" width=\"800\" alt=\"\" class=\"slider-124 slide-128 msDefaultImage\" title=\"20180608_171512\" \/><\/li>\n                <li style=\"display: none; width: 100%;\" class=\"slide-245 ms-image \" aria-roledescription=\"slide\" data-date=\"2022-02-05 11:18:57\" data-filename=\"wp20180513_173614-800x500.jpg\" data-slide-type=\"image\"><img loading=\"lazy\" decoding=\"async\" src=\"https:\/\/pamparural.com\/wp-content\/uploads\/2022\/02\/wp20180513_173614-800x500.jpg\" height=\"500\" width=\"800\" alt=\"\" class=\"slider-124 slide-245 msDefaultImage\" title=\"wp20180513_173614\" \/><\/li>\n                <li style=\"display: none; width: 100%;\" class=\"slide-127 ms-image \" aria-roledescription=\"slide\" data-date=\"2022-01-15 11:48:52\" data-filename=\"20180608_171530-800x500.jpg\" data-slide-type=\"image\"><img loading=\"lazy\" decoding=\"async\" src=\"https:\/\/pamparural.com\/wp-content\/uploads\/2022\/01\/20180608_171530-800x500.jpg\" height=\"500\" width=\"800\" alt=\"\" class=\"slider-124 slide-127 msDefaultImage\" title=\"20180608_171530\" \/><\/li>\n                <li style=\"display: none; width: 100%;\" class=\"slide-132 ms-image \" aria-roledescription=\"slide\" data-date=\"2022-01-15 11:48:52\" data-filename=\"20180506_192317-800x500.jpg\" data-slide-type=\"image\"><img loading=\"lazy\" decoding=\"async\" src=\"https:\/\/pamparural.com\/wp-content\/uploads\/2022\/01\/20180506_192317-800x500.jpg\" height=\"500\" width=\"800\" alt=\"\" class=\"slider-124 slide-132 msDefaultImage\" title=\"20180506_192317\" \/><\/li>\n                <li style=\"display: none; width: 100%;\" class=\"slide-286 ms-image \" aria-roledescription=\"slide\" data-date=\"2022-02-06 11:39:32\" data-filename=\"wpIMG_20180817_181843-800x500.jpg\" data-slide-type=\"image\"><img loading=\"lazy\" decoding=\"async\" src=\"https:\/\/pamparural.com\/wp-content\/uploads\/2022\/02\/wpIMG_20180817_181843-800x500.jpg\" height=\"500\" width=\"800\" alt=\"\" class=\"slider-124 slide-286 msDefaultImage\" title=\"cof\" \/><div class=\"caption-wrap\"><div class=\"caption\">cof<\/div><\/div><\/li>\n                <li style=\"display: none; width: 100%;\" class=\"slide-247 ms-image \" aria-roledescription=\"slide\" data-date=\"2022-02-05 11:19:18\" data-filename=\"wp20180506_192644-600x375.jpg\" data-slide-type=\"image\"><img loading=\"lazy\" decoding=\"async\" src=\"https:\/\/pamparural.com\/wp-content\/uploads\/2022\/02\/wp20180506_192644-600x375.jpg\" height=\"500\" width=\"800\" alt=\"\" class=\"slider-124 slide-247 msDefaultImage\" title=\"wp20180506_192644\" \/><div class=\"caption-wrap\"><div class=\"caption\">Ba\u00f1o completo Planta alta<\/div><\/div><\/li>\n                <li style=\"display: none; width: 100%;\" class=\"slide-285 ms-image \" aria-roledescription=\"slide\" data-date=\"2022-02-06 11:39:19\" data-filename=\"wpIMG_20180817_182025-800x500.jpg\" data-slide-type=\"image\"><img loading=\"lazy\" decoding=\"async\" src=\"https:\/\/pamparural.com\/wp-content\/uploads\/2022\/02\/wpIMG_20180817_182025-800x500.jpg\" height=\"500\" width=\"800\" alt=\"\" class=\"slider-124 slide-285 msDefaultImage\" title=\"cof\" \/><div class=\"caption-wrap\"><div class=\"caption\">cof<\/div><\/div><\/li>\n                <li style=\"display: none; width: 100%;\" class=\"slide-253 ms-image \" aria-roledescription=\"slide\" data-date=\"2022-02-05 11:48:10\" data-filename=\"20180506_174448-800x500.jpg\" data-slide-type=\"image\"><img loading=\"lazy\" decoding=\"async\" src=\"https:\/\/pamparural.com\/wp-content\/uploads\/2022\/01\/20180506_174448-800x500.jpg\" height=\"500\" width=\"800\" alt=\"\" class=\"slider-124 slide-253 msDefaultImage\" title=\"20180506_174448\" \/><\/li>\n                <li style=\"display: none; width: 100%;\" class=\"slide-774 ms-image \" aria-roledescription=\"slide\" data-date=\"2024-01-30 10:34:16\" data-filename=\"Billarchico-800x500.jpg\" data-slide-type=\"image\"><img loading=\"lazy\" decoding=\"async\" src=\"https:\/\/pamparural.com\/wp-content\/uploads\/2024\/01\/Billarchico-800x500.jpg\" height=\"500\" width=\"800\" alt=\"\" class=\"slider-124 slide-774 msDefaultImage\" title=\"Billarchico\" \/><\/li>\n                <li style=\"display: none; width: 100%;\" class=\"slide-775 ms-image \" aria-roledescription=\"slide\" data-date=\"2024-01-30 10:34:34\" data-filename=\"Salonchico-800x500.jpg\" data-slide-type=\"image\"><img loading=\"lazy\" decoding=\"async\" src=\"https:\/\/pamparural.com\/wp-content\/uploads\/2024\/01\/Salonchico-800x500.jpg\" height=\"500\" width=\"800\" alt=\"\" class=\"slider-124 slide-775 msDefaultImage\" title=\"Salonchico\" \/><\/li>\n                <li style=\"display: none; width: 100%;\" class=\"slide-837 ms-image \" aria-roledescription=\"slide\" data-date=\"2024-02-12 13:17:17\" data-filename=\"1707739941553-scaled-800x500.jpg\" data-slide-type=\"image\"><img loading=\"lazy\" decoding=\"async\" src=\"https:\/\/pamparural.com\/wp-content\/uploads\/2024\/02\/1707739941553-scaled-800x500.jpg\" height=\"500\" width=\"800\" alt=\"\" class=\"slider-124 slide-837 msDefaultImage\" title=\"1707739941553\" \/><\/li>\n                <li style=\"display: none; width: 100%;\" class=\"slide-836 ms-image \" aria-roledescription=\"slide\" data-date=\"2024-02-12 13:17:03\" data-filename=\"1707739941542-scaled-800x500.jpg\" data-slide-type=\"image\"><img loading=\"lazy\" decoding=\"async\" src=\"https:\/\/pamparural.com\/wp-content\/uploads\/2024\/02\/1707739941542-scaled-800x500.jpg\" height=\"500\" width=\"800\" alt=\"\" class=\"slider-124 slide-836 msDefaultImage\" title=\"1707739941542\" \/><\/li>\n            <\/ul>\n        <\/div>\n        \n    <\/div>\n<\/div><\/div>\n<\/div>\n\n<div class=\"wp-block-column is-layout-flow wp-block-column-is-layout-flow\" style=\"flex-basis: 33.33%;\">\n<p class=\"has-white-color has-text-color\" style=\"font-size: 14px;\">Amplia casa familiar de pueblo con todas las comodidades de la ciudad. En ella pueden alojarse comodante hasta ocho personas. Hemos cuidado cada detalle de la decoraci\u00f3n y el confort para que nuestros hu\u00e9spedes se sientan como en casa. Los espacios amplios de nuestra vivienda, invitan a la charla distendida, el relax y porqu\u00e9 no, al reencuentro. Con sol o con lluvia, cada d\u00eda en Pampaneira es especial. Disfruta de ellos. Gracias a todos los que ya hab\u00e9is visitado Poqueira Rural y a los que no, nuestras puertas siempre est\u00e1n abiertas para recibir a los nuevos qu\u00e9 vendr\u00e1n.<\/p>\n<\/div>\n<\/div>\n\n<p>\u00a0<\/p>\n\n<p>\u00a0<\/p>\n\n<p class=\"has-text-align-center has-white-color has-text-color has-medium-font-size\"><strong>Precio Base 4 Hu\u00e9spedes 120.00 \u20ac por noche<\/strong><\/p>\n\n<p class=\"has-text-align-center has-white-color has-text-color\">Capacidad m\u00e1xima 8 Hu\u00e9spedes<\/p>\n\n<p class=\"has-text-align-center has-luminous-vivid-orange-color has-black-background-color has-text-color has-background has-medium-font-size\"><strong>Precio por Hu\u00e9sped adicional por noche + 30.00 \u20ac<\/strong><\/p>\n\n<p class=\"has-text-align-center has-white-color has-text-color\">Elije las fechas de ingreso y salida, la cantidad de Personas y comprueba la disponibilidad.<\/p>\n\n<p class=\"has-text-align-center has-white-color has-text-color\">Una vez seleccionada la Habitaci\u00f3n, se mostrar\u00e1 el precio final de tu Reserva.<\/p>\n\n<p class=\"has-text-align-center has-luminous-vivid-orange-color has-black-background-color has-text-color has-background has-medium-font-size\"><strong>Verifica la Disponibilidad<\/strong><\/p>\n\n<div class=\"wp-block-abc-shortcodes-booking-form\">\n\t<!-- Advanced Booking Calendar Booking Form - https:\/\/booking-calendar-plugin.com -->\n\t<style>.booking_form_div select, .booking_form_div textarea, .booking_form_div input[type=\\\\\\\"text\\\\\\\"] { color: #FFFFFF; }<\/style>\n\t<div id=\"abc-form-wrapper\">\n\t\t<img decoding=\"async\" alt=\"Cargando...\" src=\"https:\/\/pamparural.com\/wp-admin\/images\/wpspin_light.gif\" align=\"middle\" class=\"waiting\" id=\"abc_bookinform_loading\" style=\"display:none\" \/>\n\t\t<div id=\"abc-form-content\">\n\t\t\t<div class=\"abc-column\">\n\t\t\t\t<form class=\"abc-form\"  method=\"post\">\n\t\t\t\t\t<label for=\"abc-from\">Entrada<\/label>\n\t\t\t\t\t<div class=\"abc-input-fa\">\n\t\t\t\t\t\t<span class=\"fa fa-calendar\"><\/span>\n\t\t\t\t\t\t<input id=\"abc-from\" name=\"abc-from\" class=\"abc-from\" readonly=\"true\" value=\"\">\n\t\t\t\t\t<\/div>\n\t\t\t\t\t<label for=\"abc-to\">Salida<\/label>\n\t\t\t\t\t<div class=\"abc-input-fa\">\n\t\t\t\t\t\t<span class=\"fa fa-calendar\"><\/span>\n\t\t\t\t\t\t<input id=\"abc-to\" name=\"abc-to\" class=\"abc-to\" readonly=\"true\" value=\"\">\n\t\t\t\t\t<\/div>\n\t\t\t<\/div>\n\t\t\t<div class=\"abc-column abc-form\">\n\t\t\t\t\t<label for=\"abc-persons\">Personas<\/label>\n\t\t\t\t\t\t<div class=\"abc-input-fa\">\n\t\t\t\t\t\t\t<span class=\"fa fa-female abc-guest1\"><\/span>\n\t\t\t\t\t\t\t<span class=\"fa fa-male abc-guest2\"><\/span>\n\t\t\t\t\t\t\t<select id=\"abc-persons\" name=\"abc-persons\">\n\t\t\t\t\t\t\t\t<option value=\"1\" selected>1<\/option><option value=\"2\">2<\/option><option value=\"3\">3<\/option><option value=\"4\">4<\/option><option value=\"5\">5<\/option><option value=\"6\">6<\/option><option value=\"7\">7<\/option><option value=\"8\">8<\/option>\n\t\t\t\t\t\t\t<\/select>\n\t\t\t\t\t\t<\/div>\n\t\t\t\t\t<input id=\"abcPostTrigger\" type=\"hidden\" name=\"abcPostTrigger\" value=\"0\">\n\t\t\t\t\t<input id=\"abcPostCalendarId\" type=\"hidden\" name=\"abcPostCalendarId\" value=\"6\">\n\t\t\t\t<\/form>\n\t\t\t<\/div>\n\t\t\t<div class=\"abc-form-row\">\n\t\t\t\t<button class=\"abc-submit\" id=\"abc-check-availabilities\"><span id=\"abc-submit-button\" class=\"abc-submit-text\">Verifica disponibilidad<\/span><span class=\"abc-submit-loading\" >Cargando&#8230;<\/span><\/button>\n\t\t\t\t<button class=\"abc-submit\" id=\"abc-back-to-availabilities\" style=\"display: none;\"><span class=\"abc-submit-text\">Editar<\/span><\/button>\n\t\t\t<\/div>\n\t\t\t\t\t\t\n\t\t\t<div id=\"abc-bookingresults\"><\/div>\n\t\t<\/div>\n\t<\/div>\n\t\t<\/div>\n\n<p>\u00a0<\/p>\n\t\t\t\t\t\t\t\t<\/div>\n\t\t\t\t<\/div>\n\t\t\t\t\t<\/div>\n\t\t<\/div>\n\t\t\t\t\t<\/div>\n\t\t<\/section>\n\t\t\t\t<\/div>\n\t\t","protected":false},"excerpt":{"rendered":"<p>Poqueira Rural, un lugar diferente Amplia casa familiar de pueblo con todas las comodidades de la ciudad. En ella pueden alojarse comodante hasta ocho personas. Hemos cuidado cada detalle de la decoraci\u00f3n y el confort para que nuestros hu\u00e9spedes se <a href=\"https:\/\/pamparural.com\/?page_id=2\" class=\"read-more\">Leer m\u00e1s<\/a><\/p>\n","protected":false},"author":1,"featured_media":0,"parent":0,"menu_order":0,"comment_status":"closed","ping_status":"closed","template":"template-page-builder-no-sidebar.php","meta":{"_joinchat":[],"footnotes":""},"class_list":["post-2","page","type-page","status-publish","hentry"],"yoast_head":"<!-- This site is optimized with the Yoast SEO plugin v27.4 - https:\/\/yoast.com\/product\/yoast-seo-wordpress\/ -->\n<title>Poqueira House - Pamparural<\/title>\n<meta name=\"robots\" content=\"index, follow, max-snippet:-1, max-image-preview:large, max-video-preview:-1\" \/>\n<link rel=\"canonical\" href=\"https:\/\/pamparural.com\/?page_id=2\" \/>\n<meta property=\"og:locale\" content=\"es_ES\" \/>\n<meta property=\"og:type\" content=\"article\" \/>\n<meta property=\"og:title\" content=\"Poqueira House - Pamparural\" \/>\n<meta property=\"og:description\" content=\"Poqueira Rural, un lugar diferente Amplia casa familiar de pueblo con todas las comodidades de la ciudad. En ella pueden alojarse comodante hasta ocho personas. Hemos cuidado cada detalle de la decoraci\u00f3n y el confort para que nuestros hu\u00e9spedes se Leer m\u00e1s\" \/>\n<meta property=\"og:url\" content=\"https:\/\/pamparural.com\/?page_id=2\" \/>\n<meta property=\"og:site_name\" content=\"Pamparural\" \/>\n<meta property=\"article:modified_time\" content=\"2025-11-04T16:20:59+00:00\" \/>\n<meta name=\"twitter:card\" content=\"summary_large_image\" \/>\n<meta name=\"twitter:label1\" content=\"Tiempo de lectura\" \/>\n\t<meta name=\"twitter:data1\" content=\"1 minuto\" \/>\n<script type=\"application\/ld+json\" class=\"yoast-schema-graph\">{\"@context\":\"https:\\\/\\\/schema.org\",\"@graph\":[{\"@type\":\"WebPage\",\"@id\":\"https:\\\/\\\/pamparural.com\\\/?page_id=2\",\"url\":\"https:\\\/\\\/pamparural.com\\\/?page_id=2\",\"name\":\"Poqueira House - Pamparural\",\"isPartOf\":{\"@id\":\"https:\\\/\\\/pamparural.com\\\/#website\"},\"datePublished\":\"2016-05-10T03:48:21+00:00\",\"dateModified\":\"2025-11-04T16:20:59+00:00\",\"breadcrumb\":{\"@id\":\"https:\\\/\\\/pamparural.com\\\/?page_id=2#breadcrumb\"},\"inLanguage\":\"es\",\"potentialAction\":[{\"@type\":\"ReadAction\",\"target\":[\"https:\\\/\\\/pamparural.com\\\/?page_id=2\"]}]},{\"@type\":\"BreadcrumbList\",\"@id\":\"https:\\\/\\\/pamparural.com\\\/?page_id=2#breadcrumb\",\"itemListElement\":[{\"@type\":\"ListItem\",\"position\":1,\"name\":\"Portada\",\"item\":\"https:\\\/\\\/pamparural.com\\\/\"},{\"@type\":\"ListItem\",\"position\":2,\"name\":\"Poqueira House\"}]},{\"@type\":\"WebSite\",\"@id\":\"https:\\\/\\\/pamparural.com\\\/#website\",\"url\":\"https:\\\/\\\/pamparural.com\\\/\",\"name\":\"Pamparural\",\"description\":\"Viviendas Rurales en la Alpujarra de Granada\",\"publisher\":{\"@id\":\"https:\\\/\\\/pamparural.com\\\/#organization\"},\"potentialAction\":[{\"@type\":\"SearchAction\",\"target\":{\"@type\":\"EntryPoint\",\"urlTemplate\":\"https:\\\/\\\/pamparural.com\\\/?s={search_term_string}\"},\"query-input\":{\"@type\":\"PropertyValueSpecification\",\"valueRequired\":true,\"valueName\":\"search_term_string\"}}],\"inLanguage\":\"es\"},{\"@type\":\"Organization\",\"@id\":\"https:\\\/\\\/pamparural.com\\\/#organization\",\"name\":\"Pamparural\",\"url\":\"https:\\\/\\\/pamparural.com\\\/\",\"logo\":{\"@type\":\"ImageObject\",\"inLanguage\":\"es\",\"@id\":\"https:\\\/\\\/pamparural.com\\\/#\\\/schema\\\/logo\\\/image\\\/\",\"url\":\"https:\\\/\\\/pamparural.com\\\/wp-content\\\/uploads\\\/2022\\\/02\\\/propuesta-05.png\",\"contentUrl\":\"https:\\\/\\\/pamparural.com\\\/wp-content\\\/uploads\\\/2022\\\/02\\\/propuesta-05.png\",\"width\":409,\"height\":409,\"caption\":\"Pamparural\"},\"image\":{\"@id\":\"https:\\\/\\\/pamparural.com\\\/#\\\/schema\\\/logo\\\/image\\\/\"}}]}<\/script>\n<!-- \/ Yoast SEO plugin. -->","yoast_head_json":{"title":"Poqueira House - Pamparural","robots":{"index":"index","follow":"follow","max-snippet":"max-snippet:-1","max-image-preview":"max-image-preview:large","max-video-preview":"max-video-preview:-1"},"canonical":"https:\/\/pamparural.com\/?page_id=2","og_locale":"es_ES","og_type":"article","og_title":"Poqueira House - Pamparural","og_description":"Poqueira Rural, un lugar diferente Amplia casa familiar de pueblo con todas las comodidades de la ciudad. En ella pueden alojarse comodante hasta ocho personas. Hemos cuidado cada detalle de la decoraci\u00f3n y el confort para que nuestros hu\u00e9spedes se Leer m\u00e1s","og_url":"https:\/\/pamparural.com\/?page_id=2","og_site_name":"Pamparural","article_modified_time":"2025-11-04T16:20:59+00:00","twitter_card":"summary_large_image","twitter_misc":{"Tiempo de lectura":"1 minuto"},"schema":{"@context":"https:\/\/schema.org","@graph":[{"@type":"WebPage","@id":"https:\/\/pamparural.com\/?page_id=2","url":"https:\/\/pamparural.com\/?page_id=2","name":"Poqueira House - Pamparural","isPartOf":{"@id":"https:\/\/pamparural.com\/#website"},"datePublished":"2016-05-10T03:48:21+00:00","dateModified":"2025-11-04T16:20:59+00:00","breadcrumb":{"@id":"https:\/\/pamparural.com\/?page_id=2#breadcrumb"},"inLanguage":"es","potentialAction":[{"@type":"ReadAction","target":["https:\/\/pamparural.com\/?page_id=2"]}]},{"@type":"BreadcrumbList","@id":"https:\/\/pamparural.com\/?page_id=2#breadcrumb","itemListElement":[{"@type":"ListItem","position":1,"name":"Portada","item":"https:\/\/pamparural.com\/"},{"@type":"ListItem","position":2,"name":"Poqueira House"}]},{"@type":"WebSite","@id":"https:\/\/pamparural.com\/#website","url":"https:\/\/pamparural.com\/","name":"Pamparural","description":"Viviendas Rurales en la Alpujarra de Granada","publisher":{"@id":"https:\/\/pamparural.com\/#organization"},"potentialAction":[{"@type":"SearchAction","target":{"@type":"EntryPoint","urlTemplate":"https:\/\/pamparural.com\/?s={search_term_string}"},"query-input":{"@type":"PropertyValueSpecification","valueRequired":true,"valueName":"search_term_string"}}],"inLanguage":"es"},{"@type":"Organization","@id":"https:\/\/pamparural.com\/#organization","name":"Pamparural","url":"https:\/\/pamparural.com\/","logo":{"@type":"ImageObject","inLanguage":"es","@id":"https:\/\/pamparural.com\/#\/schema\/logo\/image\/","url":"https:\/\/pamparural.com\/wp-content\/uploads\/2022\/02\/propuesta-05.png","contentUrl":"https:\/\/pamparural.com\/wp-content\/uploads\/2022\/02\/propuesta-05.png","width":409,"height":409,"caption":"Pamparural"},"image":{"@id":"https:\/\/pamparural.com\/#\/schema\/logo\/image\/"}}]}},"_links":{"self":[{"href":"https:\/\/pamparural.com\/index.php?rest_route=\/wp\/v2\/pages\/2","targetHints":{"allow":["GET"]}}],"collection":[{"href":"https:\/\/pamparural.com\/index.php?rest_route=\/wp\/v2\/pages"}],"about":[{"href":"https:\/\/pamparural.com\/index.php?rest_route=\/wp\/v2\/types\/page"}],"author":[{"embeddable":true,"href":"https:\/\/pamparural.com\/index.php?rest_route=\/wp\/v2\/users\/1"}],"replies":[{"embeddable":true,"href":"https:\/\/pamparural.com\/index.php?rest_route=%2Fwp%2Fv2%2Fcomments&post=2"}],"version-history":[{"count":39,"href":"https:\/\/pamparural.com\/index.php?rest_route=\/wp\/v2\/pages\/2\/revisions"}],"predecessor-version":[{"id":883,"href":"https:\/\/pamparural.com\/index.php?rest_route=\/wp\/v2\/pages\/2\/revisions\/883"}],"wp:attachment":[{"href":"https:\/\/pamparural.com\/index.php?rest_route=%2Fwp%2Fv2%2Fmedia&parent=2"}],"curies":[{"name":"wp","href":"https:\/\/api.w.org\/{rel}","templated":true}]}}